{"id":81,"date":"2023-03-15T11:44:54","date_gmt":"2023-03-15T10:44:54","guid":{"rendered":"http:\/\/sigseha.cluster027.hosting.ovh.net\/?page_id=81"},"modified":"2025-05-19T11:26:59","modified_gmt":"2025-05-19T09:26:59","slug":"bio","status":"publish","type":"page","link":"https:\/\/www.pierre-lebrun.com\/index.php\/bio\/","title":{"rendered":"Biographie"},"content":{"rendered":"<p>Enseignant et artiste peintre, mes <strong>tableaux \u00e0 la peinture acrylique<\/strong> traduisent des <strong>ambiances et paysages qui me fascinent<\/strong>. Ma galerie en ligne vous permettra de saisir la nature et de mes diff\u00e9rents projets.<\/p>\n<p>Durant mon enfance et mon adolescence, j\u2019ai fr\u00e9quent\u00e9 l\u2019atelier de dessin et de peinture dirig\u00e9 par l\u2019artiste peintre Marcel Lupsin (ex-Ecole Racines \u00e0 Treignes, Belgique). Cet \u00e9colage m\u2019a permis de me former en variant les mat\u00e9riaux, fusain et aquarelle principalement. A cette \u00e9poque, mon travail artistique se concentrait principalement sur la r\u00e9alisation d&rsquo;aquarelles.<\/p>\n\n\n<p>En me dirigeant vers la peinture acrylique, ma d\u00e9marche artistique s\u2019est d\u00e9velopp\u00e9e ces derni\u00e8res ann\u00e9es.<\/p>\n\n\n\n<p>La nature est un \u00e9l\u00e9ment essentiel dans mes compositions. J&rsquo;appr\u00e9cie <strong>varier et explorer diff\u00e9rents sujets<\/strong> dans l&rsquo;ensemble de mes cr\u00e9ations, inspir\u00e9<strong> par mes voyages et randonn\u00e9es<\/strong>.<\/p>\n\n\n\n<hr class=\"wp-block-separator has-alpha-channel-opacity\"\/>\n\n\n<p><strong>Ev\u00e9nements<\/strong> <strong>et expositions<\/strong><\/p>\n\n\n<ul class=\"wp-block-list\">\n<li>Place aux Artistes au Centre communautaire Joli-Bois \u00e0 Woluwe-Saint-Pierre (18 mai 2025)<\/li>\n\n\n\n<li>Exposition annuelle des artistes de Woluwe-Saint-Pierre (octobre 2024)<\/li>\n\n\n\n<li>Exposition annuelle des artistes de Woluwe-Saint-Pierre (13-14-15 octobre 2023)<\/li>\n\n\n\n<li>Espace Arthur Masson \u00e0 Treignes (exposition de trois tableaux du village de Treignes de juillet \u00e0 d\u00e9cembre 2023)<\/li>\n\n\n\n<li>Parcours d&rsquo;artistes de Joli-Bois \u00e0 Woluwe-Saint-Pierre (21 mai 2023)<\/li>\n\n\n\n<li>Exposition annuelle des artistes de Woluwe-Saint-Pierre (7-8-9 octobre 2023)<\/li>\n\n\n\n<li>Une Surprise dans le train. Toile expos\u00e9e \u00e0 la Biblioth\u00e8que Communale de Joli-Bois \u00e0 Woluwe-Saint-Pierre (mars 2022)<\/li>\n\n\n\n<li>Klink &#8211; Art en vitrine. Exposition au Neuheus Store de Stockel \u00e0 Woluwe-Saint-Pierre (3 au 21 novembre 2021)<\/li>\n<\/ul>\n\n\n\n","protected":false},"excerpt":{"rendered":"<p>Enseignant et artiste peintre, mes tableaux \u00e0 la peinture acrylique traduisent des ambiances et paysages qui me fascinent. Ma galerie en ligne vous permettra de saisir la nature et de mes diff\u00e9rents projets. Durant mon enfance et mon adolescence, j\u2019ai fr\u00e9quent\u00e9 l\u2019atelier de dessin et de peinture dirig\u00e9 par l\u2019artiste peintre Marcel Lupsin (ex-Ecole Racines \u00e0 Treignes, Belgique). Cet \u00e9colage m\u2019a permis de me former en variant les mat\u00e9riaux, fusain et aquarelle principalement. A cette \u00e9poque, mon travail artistique se concentrait principalement sur la r\u00e9alisation d&rsquo;aquarelles. En me dirigeant vers la peinture acrylique, ma d\u00e9marche artistique s\u2019est d\u00e9velopp\u00e9e ces derni\u00e8res ann\u00e9es. La nature est un \u00e9l\u00e9ment essentiel dans mes compositions. J&rsquo;appr\u00e9cie varier et explorer diff\u00e9rents sujets dans l&rsquo;ensemble de mes cr\u00e9ations, inspir\u00e9 par mes voyages et randonn\u00e9es. Ev\u00e9nements et expositions<\/p>\n","protected":false},"author":1,"featured_media":0,"parent":0,"menu_order":0,"comment_status":"closed","ping_status":"closed","template":"","meta":{"footnotes":""},"class_list":["post-81","page","type-page","status-publish","hentry"],"_links":{"self":[{"href":"https:\/\/www.pierre-lebrun.com\/index.php\/wp-json\/wp\/v2\/pages\/81","targetHints":{"allow":["GET"]}}],"collection":[{"href":"https:\/\/www.pierre-lebrun.com\/index.php\/wp-json\/wp\/v2\/pages"}],"about":[{"href":"https:\/\/www.pierre-lebrun.com\/index.php\/wp-json\/wp\/v2\/types\/page"}],"author":[{"embeddable":true,"href":"https:\/\/www.pierre-lebrun.com\/index.php\/wp-json\/wp\/v2\/users\/1"}],"replies":[{"embeddable":true,"href":"https:\/\/www.pierre-lebrun.com\/index.php\/wp-json\/wp\/v2\/comments?post=81"}],"version-history":[{"count":29,"href":"https:\/\/www.pierre-lebrun.com\/index.php\/wp-json\/wp\/v2\/pages\/81\/revisions"}],"predecessor-version":[{"id":439,"href":"https:\/\/www.pierre-lebrun.com\/index.php\/wp-json\/wp\/v2\/pages\/81\/revisions\/439"}],"wp:attachment":[{"href":"https:\/\/www.pierre-lebrun.com\/index.php\/wp-json\/wp\/v2\/media?parent=81"}],"curies":[{"name":"wp","href":"https:\/\/api.w.org\/{rel}","templated":true}]}}